{"id":2001,"date":"2023-10-02T15:06:17","date_gmt":"2023-10-02T13:06:17","guid":{"rendered":"https:\/\/laketricity-fpv.com\/?page_id=2001"},"modified":"2026-02-17T16:18:13","modified_gmt":"2026-02-17T15:18:13","slug":"mentions-legales","status":"publish","type":"page","link":"https:\/\/laketricity-fpv.com\/fr\/mentions-legales\/","title":{"rendered":"Mentions l\u00e9gales"},"content":{"rendered":"<div class=\"wpb-content-wrapper\"><p>[vc_row css_animation=\u00a0\u00bb\u00a0\u00bb row_type=\u00a0\u00bbrow\u00a0\u00bb use_row_as_full_screen_section=\u00a0\u00bbno\u00a0\u00bb type=\u00a0\u00bbfull_width\u00a0\u00bb angled_section=\u00a0\u00bbno\u00a0\u00bb text_align=\u00a0\u00bbleft\u00a0\u00bb background_image_as_pattern=\u00a0\u00bbwithout_pattern\u00a0\u00bb el_class=\u00a0\u00bbpadding-content page-simple\u00a0\u00bb z_index=\u00a0\u00bb\u00a0\u00bb][vc_column][vc_column_text css=\u00a0\u00bb\u00a0\u00bb]<\/p>\n<h1 style=\"text-align: center;\">Mentions l\u00e9gales<\/h1>\n<p>Le propri\u00e9taire de ce site web est :<\/p>\n<p>Laketricity SAS<br \/>\n87 Quai DE QUEYRIES<br \/>\n33100 BORDEAUX<br \/>\nFrance<\/p>\n<p>E-mail : marketing@laketricity-fpv.com<br \/>\nID TVA : FR72901387555<br \/>\nSIRET : 901 387 555 00021<\/p>\n<p>Le(s) repr\u00e9sentant(s) l\u00e9gal(aux) de Laketricity SAS :<\/p>\n<p>Eva Pauly-Bowles, Pr\u00e9sidente Laketricity SAS<\/p>\n<h2>1. G\u00e9n\u00e9ral<\/h2>\n<p>1.1 Nous sommes enregistr\u00e9s chez Registre des soci\u00e9t\u00e9s sous le num\u00e9ro de licence ou d\u2019enregistrement :<\/p>\n<p>901387555<\/p>\n<p>Nous ne sommes ni dispos\u00e9s ni oblig\u00e9s de participer \u00e0 des proc\u00e9dures de r\u00e8glement des litiges devant une commission d\u2019arbitrage des consommateurs.[\/vc_column_text][vc_column_text css=\u00a0\u00bb\u00a0\u00bb]Laketricity SAS se r\u00e9serve le droit de modifier les informations et le contenu du site \u00e0 tout instant. Il vous est donc conseill\u00e9 de consulter r\u00e9guli\u00e8rement la derni\u00e8re version en vigueur.<\/p>\n<p>Le contenu du pr\u00e9sent site est d\u00e9fini par la structure g\u00e9n\u00e9rale, les textes, les images anim\u00e9es ou non, et les sons dont le site est compos\u00e9. Toute repr\u00e9sentation totale ou partielle de ce site et de son contenu, par quelque proc\u00e9d\u00e9 que ce soient, sans autorisation pr\u00e9alable \u00e9crite de Laketricity SAS, est interdite et constituerait une contrefa\u00e7on sanctionn\u00e9e par les articles L. 335-2 et suivants du Code de la propri\u00e9t\u00e9 intellectuelle.<\/p>\n<p>Du seul fait de sa connexion au site, l\u2019utilisateur reconna\u00eet accepter de Laketricity SAS, une licence d\u2019usage du contenu du site strictement limit\u00e9e aux conditions imp\u00e9ratives suivantes :<\/p>\n<ul>\n<li>La pr\u00e9sente licence, accord\u00e9e \u00e0 titre non exclusif, n\u2019est pas transmissible \u00e0 un tiers.<\/li>\n<li>Le droit d\u2019usage conf\u00e9r\u00e9 \u00e0 l\u2019utilisateur est personnel et priv\u00e9, ce qui signifie que toute reproduction du contenu du site sur un quelconque support pour un usage collectif ou professionnel, m\u00eame en interne dans l\u2019entreprise, est prohib\u00e9e. Il en est de m\u00eame pour toute communication de ce contenu par voie \u00e9lectronique, m\u00eame diffus\u00e9 en intranet ou en extranet d\u2019entreprise.<\/li>\n<li>Cet usage comprend seulement l\u2019autorisation de reproduire pour stockage aux fins de repr\u00e9sentation sur \u00e9cran monoposte et de reproduction en un exemplaire, pour copie de sauvegarde et tirage papier.<\/li>\n<li>Tout autre usage est soumis \u00e0 l\u2019autorisation expresse pr\u00e9alable de Laketricity SAS.<\/li>\n<\/ul>\n<p>La violation de ces dispositions soumet le contrevenant et toutes personnes responsables, m\u00eame sans commission de faute directe ou directe, aux peines p\u00e9nales et civiles pr\u00e9vues par la loi fran\u00e7aise et autres lois s\u2019appliquant \u00e9ventuellement.<\/p>\n<p>Les utilisateurs du site de Laketricity SAS, sont tenus de respecter les dispositions de la loi informatique, fichiers et libert\u00e9s, dont la violation est passible de sanctions p\u00e9nales. Ils doivent notamment s\u2019abstenir, s\u2019agissant des informations nominatives auxquelles ils acc\u00e8dent, de toute collecte, de toute utilisation d\u00e9tourn\u00e9e, et d\u2019une mani\u00e8re g\u00e9n\u00e9rale, de tout acte susceptible de porter atteinte \u00e0 la vie priv\u00e9e ou \u00e0 la r\u00e9putation des personnes.<\/p>\n<p>Conform\u00e9ment \u00e0 l\u2019article 34 de la Loi \u00ab Informatique et Libert\u00e9s \u00bb n\u00b0 78-17 du 6 janvier 1978, les utilisateurs disposent d\u2019un droit d\u2019acc\u00e8s, de modification, de rectification et de suppression des donn\u00e9es qui les concernent, dont les modalit\u00e9s sont d\u00e9finies ci-dessous.<\/p>\n<p>L\u2019h\u00e9bergement du site est assur\u00e9 par <a href=\"https:\/\/offensive.digital\" target=\"_blank\" rel=\"noopener\">Offensive<\/a> sur un serveur d\u00e9di\u00e9 de l&rsquo;agence h\u00e9berg\u00e9 en France chez O2Switch.[\/vc_column_text][\/vc_column][\/vc_row]<\/p>\n<\/div>","protected":false},"excerpt":{"rendered":"<p>[vc_row css_animation=\u00a0\u00bb\u00a0\u00bb row_type=\u00a0\u00bbrow\u00a0\u00bb use_row_as_full_screen_section=\u00a0\u00bbno\u00a0\u00bb type=\u00a0\u00bbfull_width\u00a0\u00bb angled_section=\u00a0\u00bbno\u00a0\u00bb text_align=\u00a0\u00bbleft\u00a0\u00bb background_image_as_pattern=\u00a0\u00bbwithout_pattern\u00a0\u00bb el_class=\u00a0\u00bbpadding-content page-simple\u00a0\u00bb z_index=\u00a0\u00bb\u00a0\u00bb][vc_column][vc_column_text css=\u00a0\u00bb\u00a0\u00bb] Mentions l\u00e9gales Le propri\u00e9taire de ce site web est :&#8230;<\/p>\n","protected":false},"author":1,"featured_media":0,"parent":0,"menu_order":0,"comment_status":"closed","ping_status":"closed","template":"full_width.php","meta":{"_acf_changed":false,"footnotes":""},"class_list":["post-2001","page","type-page","status-publish","hentry"],"acf":[],"yoast_head":"<!-- This site is optimized with the Yoast SEO plugin v26.9 - https:\/\/yoast.com\/product\/yoast-seo-wordpress\/ -->\n<title>Mentions l\u00e9gales - Laketricity<\/title>\n<meta name=\"robots\" content=\"noindex, nofollow\" \/>\n<meta property=\"og:locale\" content=\"fr_FR\" \/>\n<meta property=\"og:type\" content=\"article\" \/>\n<meta property=\"og:title\" content=\"Mentions l\u00e9gales - Laketricity\" \/>\n<meta property=\"og:description\" content=\"[vc_row css_animation=\u00a0\u00bb\u00a0\u00bb row_type=\u00a0\u00bbrow\u00a0\u00bb use_row_as_full_screen_section=\u00a0\u00bbno\u00a0\u00bb type=\u00a0\u00bbfull_width\u00a0\u00bb angled_section=\u00a0\u00bbno\u00a0\u00bb text_align=\u00a0\u00bbleft\u00a0\u00bb background_image_as_pattern=\u00a0\u00bbwithout_pattern\u00a0\u00bb el_class=\u00a0\u00bbpadding-content page-simple\u00a0\u00bb z_index=\u00a0\u00bb\u00a0\u00bb][vc_column][vc_column_text css=\u00a0\u00bb\u00a0\u00bb] Mentions l\u00e9gales Le propri\u00e9taire de ce site web est :...\" \/>\n<meta property=\"og:url\" content=\"https:\/\/laketricity-fpv.com\/fr\/mentions-legales\/\" \/>\n<meta property=\"og:site_name\" content=\"Laketricity\" \/>\n<meta property=\"article:modified_time\" content=\"2026-02-17T15:18:13+00:00\" \/>\n<meta name=\"twitter:card\" content=\"summary_large_image\" \/>\n<meta name=\"twitter:label1\" content=\"Dur\u00e9e de lecture estim\u00e9e\" \/>\n\t<meta name=\"twitter:data1\" content=\"3 minutes\" \/>\n<script type=\"application\/ld+json\" class=\"yoast-schema-graph\">{\"@context\":\"https:\/\/schema.org\",\"@graph\":[{\"@type\":\"WebPage\",\"@id\":\"https:\/\/laketricity-fpv.com\/fr\/mentions-legales\/\",\"url\":\"https:\/\/laketricity-fpv.com\/fr\/mentions-legales\/\",\"name\":\"Mentions l\u00e9gales - Laketricity\",\"isPartOf\":{\"@id\":\"https:\/\/laketricity-fpv.com\/fr\/#website\"},\"datePublished\":\"2023-10-02T13:06:17+00:00\",\"dateModified\":\"2026-02-17T15:18:13+00:00\",\"breadcrumb\":{\"@id\":\"https:\/\/laketricity-fpv.com\/fr\/mentions-legales\/#breadcrumb\"},\"inLanguage\":\"fr-FR\",\"potentialAction\":[{\"@type\":\"ReadAction\",\"target\":[\"https:\/\/laketricity-fpv.com\/fr\/mentions-legales\/\"]}]},{\"@type\":\"BreadcrumbList\",\"@id\":\"https:\/\/laketricity-fpv.com\/fr\/mentions-legales\/#breadcrumb\",\"itemListElement\":[{\"@type\":\"ListItem\",\"position\":1,\"name\":\"Homepage\",\"item\":\"https:\/\/laketricity-fpv.com\/fr\/\"},{\"@type\":\"ListItem\",\"position\":2,\"name\":\"Mentions l\u00e9gales\"}]},{\"@type\":\"WebSite\",\"@id\":\"https:\/\/laketricity-fpv.com\/fr\/#website\",\"url\":\"https:\/\/laketricity-fpv.com\/fr\/\",\"name\":\"Laketricity\",\"description\":\"\",\"publisher\":{\"@id\":\"https:\/\/laketricity-fpv.com\/fr\/#organization\"},\"potentialAction\":[{\"@type\":\"SearchAction\",\"target\":{\"@type\":\"EntryPoint\",\"urlTemplate\":\"https:\/\/laketricity-fpv.com\/fr\/?s={search_term_string}\"},\"query-input\":{\"@type\":\"PropertyValueSpecification\",\"valueRequired\":true,\"valueName\":\"search_term_string\"}}],\"inLanguage\":\"fr-FR\"},{\"@type\":\"Organization\",\"@id\":\"https:\/\/laketricity-fpv.com\/fr\/#organization\",\"name\":\"Laketricity\",\"url\":\"https:\/\/laketricity-fpv.com\/fr\/\",\"logo\":{\"@type\":\"ImageObject\",\"inLanguage\":\"fr-FR\",\"@id\":\"https:\/\/laketricity-fpv.com\/fr\/#\/schema\/logo\/image\/\",\"url\":\"https:\/\/laketricity-fpv.com\/wp-content\/uploads\/2023\/05\/logo-laketricity.svg\",\"contentUrl\":\"https:\/\/laketricity-fpv.com\/wp-content\/uploads\/2023\/05\/logo-laketricity.svg\",\"width\":5151,\"height\":996,\"caption\":\"Laketricity\"},\"image\":{\"@id\":\"https:\/\/laketricity-fpv.com\/fr\/#\/schema\/logo\/image\/\"},\"sameAs\":[\"https:\/\/www.youtube.com\/@laketricity9012\",\"https:\/\/www.linkedin.com\/company\/laketricity\"]}]}<\/script>\n<!-- \/ Yoast SEO plugin. -->","yoast_head_json":{"title":"Mentions l\u00e9gales - Laketricity","robots":{"index":"noindex","follow":"nofollow"},"og_locale":"fr_FR","og_type":"article","og_title":"Mentions l\u00e9gales - Laketricity","og_description":"[vc_row css_animation=\u00a0\u00bb\u00a0\u00bb row_type=\u00a0\u00bbrow\u00a0\u00bb use_row_as_full_screen_section=\u00a0\u00bbno\u00a0\u00bb type=\u00a0\u00bbfull_width\u00a0\u00bb angled_section=\u00a0\u00bbno\u00a0\u00bb text_align=\u00a0\u00bbleft\u00a0\u00bb background_image_as_pattern=\u00a0\u00bbwithout_pattern\u00a0\u00bb el_class=\u00a0\u00bbpadding-content page-simple\u00a0\u00bb z_index=\u00a0\u00bb\u00a0\u00bb][vc_column][vc_column_text css=\u00a0\u00bb\u00a0\u00bb] Mentions l\u00e9gales Le propri\u00e9taire de ce site web est :...","og_url":"https:\/\/laketricity-fpv.com\/fr\/mentions-legales\/","og_site_name":"Laketricity","article_modified_time":"2026-02-17T15:18:13+00:00","twitter_card":"summary_large_image","twitter_misc":{"Dur\u00e9e de lecture estim\u00e9e":"3 minutes"},"schema":{"@context":"https:\/\/schema.org","@graph":[{"@type":"WebPage","@id":"https:\/\/laketricity-fpv.com\/fr\/mentions-legales\/","url":"https:\/\/laketricity-fpv.com\/fr\/mentions-legales\/","name":"Mentions l\u00e9gales - Laketricity","isPartOf":{"@id":"https:\/\/laketricity-fpv.com\/fr\/#website"},"datePublished":"2023-10-02T13:06:17+00:00","dateModified":"2026-02-17T15:18:13+00:00","breadcrumb":{"@id":"https:\/\/laketricity-fpv.com\/fr\/mentions-legales\/#breadcrumb"},"inLanguage":"fr-FR","potentialAction":[{"@type":"ReadAction","target":["https:\/\/laketricity-fpv.com\/fr\/mentions-legales\/"]}]},{"@type":"BreadcrumbList","@id":"https:\/\/laketricity-fpv.com\/fr\/mentions-legales\/#breadcrumb","itemListElement":[{"@type":"ListItem","position":1,"name":"Homepage","item":"https:\/\/laketricity-fpv.com\/fr\/"},{"@type":"ListItem","position":2,"name":"Mentions l\u00e9gales"}]},{"@type":"WebSite","@id":"https:\/\/laketricity-fpv.com\/fr\/#website","url":"https:\/\/laketricity-fpv.com\/fr\/","name":"Laketricity","description":"","publisher":{"@id":"https:\/\/laketricity-fpv.com\/fr\/#organization"},"potentialAction":[{"@type":"SearchAction","target":{"@type":"EntryPoint","urlTemplate":"https:\/\/laketricity-fpv.com\/fr\/?s={search_term_string}"},"query-input":{"@type":"PropertyValueSpecification","valueRequired":true,"valueName":"search_term_string"}}],"inLanguage":"fr-FR"},{"@type":"Organization","@id":"https:\/\/laketricity-fpv.com\/fr\/#organization","name":"Laketricity","url":"https:\/\/laketricity-fpv.com\/fr\/","logo":{"@type":"ImageObject","inLanguage":"fr-FR","@id":"https:\/\/laketricity-fpv.com\/fr\/#\/schema\/logo\/image\/","url":"https:\/\/laketricity-fpv.com\/wp-content\/uploads\/2023\/05\/logo-laketricity.svg","contentUrl":"https:\/\/laketricity-fpv.com\/wp-content\/uploads\/2023\/05\/logo-laketricity.svg","width":5151,"height":996,"caption":"Laketricity"},"image":{"@id":"https:\/\/laketricity-fpv.com\/fr\/#\/schema\/logo\/image\/"},"sameAs":["https:\/\/www.youtube.com\/@laketricity9012","https:\/\/www.linkedin.com\/company\/laketricity"]}]}},"_links":{"self":[{"href":"https:\/\/laketricity-fpv.com\/fr\/wp-json\/wp\/v2\/pages\/2001","targetHints":{"allow":["GET"]}}],"collection":[{"href":"https:\/\/laketricity-fpv.com\/fr\/wp-json\/wp\/v2\/pages"}],"about":[{"href":"https:\/\/laketricity-fpv.com\/fr\/wp-json\/wp\/v2\/types\/page"}],"author":[{"embeddable":true,"href":"https:\/\/laketricity-fpv.com\/fr\/wp-json\/wp\/v2\/users\/1"}],"replies":[{"embeddable":true,"href":"https:\/\/laketricity-fpv.com\/fr\/wp-json\/wp\/v2\/comments?post=2001"}],"version-history":[{"count":1,"href":"https:\/\/laketricity-fpv.com\/fr\/wp-json\/wp\/v2\/pages\/2001\/revisions"}],"predecessor-version":[{"id":4947,"href":"https:\/\/laketricity-fpv.com\/fr\/wp-json\/wp\/v2\/pages\/2001\/revisions\/4947"}],"wp:attachment":[{"href":"https:\/\/laketricity-fpv.com\/fr\/wp-json\/wp\/v2\/media?parent=2001"}],"curies":[{"name":"wp","href":"https:\/\/api.w.org\/{rel}","templated":true}]}}