{"id":2072,"date":"2023-07-03T15:26:50","date_gmt":"2023-07-03T13:26:50","guid":{"rendered":"https:\/\/laketricity-fpv.com\/your-project\/industrial-commercial-players\/"},"modified":"2023-10-16T11:00:22","modified_gmt":"2023-10-16T09:00:22","slug":"attivita-industriale-commerciale","status":"publish","type":"page","link":"https:\/\/laketricity-fpv.com\/it\/il-vostro-progetto\/attivita-industriale-commerciale\/","title":{"rendered":"Industriale o commerciale"},"content":{"rendered":"<div class=\"wpb-content-wrapper\"><p>[vc_row css_animation=&#8221;&#8221; row_type=&#8221;row&#8221; use_row_as_full_screen_section=&#8221;no&#8221; type=&#8221;full_width&#8221; angled_section=&#8221;no&#8221; text_align=&#8221;left&#8221; background_image_as_pattern=&#8221;without_pattern&#8221;][vc_column][vc_column_text el_class=&#8221;fil-ariane&#8221;]<span><span><a href=\"https:\/\/laketricity-fpv.com\/it\/\">Homepage<\/a><\/span><\/span>[\/vc_column_text][\/vc_column][\/vc_row][vc_row css_animation=&#8221;&#8221; row_type=&#8221;row&#8221; use_row_as_full_screen_section=&#8221;no&#8221; type=&#8221;full_width&#8221; angled_section=&#8221;no&#8221; text_align=&#8221;left&#8221; background_image_as_pattern=&#8221;without_pattern&#8221; el_class=&#8221;intro-page&#8221; z_index=&#8221;&#8221;][vc_column][vc_column_text]<\/p>\n<h1 class=\"p1\" style=\"text-align: center;\"><strong>Un impianto fotovoltaico flottante<br \/>\nper la vostra attivit\u00e0 industriale e commerciale<\/strong><\/h1>\n<p>[\/vc_column_text][vc_row_inner row_type=&#8221;row&#8221; type=&#8221;full_width&#8221; text_align=&#8221;left&#8221; css_animation=&#8221;&#8221; el_class=&#8221;block-txt-img deco-orange&#8221;][vc_column_inner el_class=&#8221;animated-hidden wpb_fadeInLeft fadeInLeft&#8221; width=&#8221;1\/2&#8243;][vc_single_image image=&#8221;643&#8243; img_size=&#8221;full&#8221; qode_css_animation=&#8221;&#8221;][\/vc_column_inner][vc_column_inner el_class=&#8221;animated-hidden wpb_fadeInRight fadeInRight&#8221; width=&#8221;1\/2&#8243;][vc_column_text]<\/p>\n<p class=\"p1\">Desiderate <strong>risparmiare sulla bolletta energetica e decarbonizzare la vostra attivit\u00e0 industriale?<\/strong> Lo sviluppo di un impianto fotovoltaico sull&#8217;acqua, all&#8217;interno della vostra infrastruttura, \u00e8 la soluzione che vi proponiamo noi di Laketricity.<\/p>\n<p class=\"p1\">Per noi di Laketricity la vostra attivit\u00e0 quotidiana \u00e8 una priorit\u00e0. La centrale fotovoltaica galleggiante \u00e8 un bene <strong>complementare che aggiunge valore al vostro sito.<\/strong> Il suo obiettivo principale \u00e8 quello di aiutarvi a controllare i vostri bilanci e a darvi una visibilit\u00e0 trentennale sul costo dell&#8217;elettricit\u00e0 per la vostra operativit\u00e0.<\/p>\n<p>[\/vc_column_text][\/vc_column_inner][\/vc_row_inner][\/vc_column][\/vc_row][vc_row css_animation=&#8221;&#8221; row_type=&#8221;row&#8221; use_row_as_full_screen_section=&#8221;no&#8221; type=&#8221;full_width&#8221; angled_section=&#8221;no&#8221; text_align=&#8221;left&#8221; background_image_as_pattern=&#8221;without_pattern&#8221; el_class=&#8221;votre-projet-avantage&#8221; z_index=&#8221;&#8221;][vc_column css_animation=&#8221;fadeIn&#8221;][vc_column_text]<\/p>\n<h2 class=\"p1\" style=\"text-align: center;\"><strong>Quali sono i vantaggi dello sviluppo di un impianto fotovoltaico flottante su un bacino industriale o commerciale?<\/strong><\/h2>\n<p class=\"p1\">L&#8217;energia solare da impianto flottante offre molti vantaggi economici ed ecologici. Scoprite cosa ha da offrire.<\/p>\n<p>[\/vc_column_text][vc_column_text el_class=&#8221;block-bleu-avantages liste-check&#8221;]<\/p>\n<ul>\n<li><strong>Oltre 30 anni di reddito da locazione<\/strong> per valorizzare un immobile non utilizzato,<\/li>\n<li><strong><span style=\"font-weight: 400;\"><strong>Riducete le bollette energetiche<\/strong> generando elettricit\u00e0 rinnovabile presso le vostre strutture,<\/span><\/strong>,<\/li>\n<li><strong><span style=\"font-weight: 400;\"><strong>Controllare i costi energetici grazie a una visibilit\u00e0 di 30 anni<\/strong> sul funzionamento dell&#8217;impianto fotovoltaico flottante<\/span><\/strong>,<\/li>\n<li><strong><span style=\"font-weight: 400;\"><strong>Coprire i picchi di consumo energetico<\/strong> del vostro impianto o della vostra azienda grazie all&#8217;accoppiamento intelligente delle batterie ed evitare gli arresti elettrici,<\/span><\/strong><\/li>\n<li><strong><span style=\"font-weight: 400;\"><strong>Ridurre la dipendenza<\/strong> dalla rete elettrica e i suoi limiti,<\/span><\/strong><\/li>\n<li><strong><span style=\"font-weight: 400;\"><strong>Mantenere le attivit\u00e0<\/strong> esistenti in loco.<\/span><\/strong><\/li>\n<\/ul>\n<p>[\/vc_column_text][vc_column_text]<span style=\"font-weight: 400;\">Nel complesso, l&#8217;energia solare da fotovoltaico flottante \u00e8 un&#8217;innegabile fonte di finanziamento per l&#8217;ottimizzazione della vostra attivit\u00e0, grazie a pagamenti regolari per oltre 30 anni.<\/span>[\/vc_column_text]<a  itemprop=\"url\" href=\"https:\/\/laketricity-fpv.com\/it\/nostre-attivita\/fotovoltaico-flottante\/\" target=\"_self\"  class=\"qbutton  default\" style=\"\">Ancora pi\u00f9 vantaggi da scoprire con il fotovoltaico flottante<\/a>[\/vc_column][\/vc_row][vc_row css_animation=&#8221;&#8221; row_type=&#8221;row&#8221; use_row_as_full_screen_section=&#8221;no&#8221; type=&#8221;full_width&#8221; angled_section=&#8221;no&#8221; text_align=&#8221;left&#8221; background_image_as_pattern=&#8221;without_pattern&#8221; el_class=&#8221;encart-projet-votre-projet&#8221; z_index=&#8221;&#8221;][vc_column css_animation=&#8221;fadeInLeft&#8221;][vc_column_text]<div class=\"encart-projet-votre-projet-loop\"><div class=\"encart-projet-item\"><div class=\"item-wrapper\"><div class=\"image_projet\"><a href=\"https:\/\/laketricity-fpv.com\/it\/progetto\/sugu2\/\"><img decoding=\"async\" src=\"https:\/\/laketricity-fpv.com\/wp-content\/uploads\/2023\/06\/sugu2-taiwan-floating-solar-detention-pond-laketricity-1000x745.jpg\"><\/a><\/div><div class=\"titre\"><div><h2><a href=\"https:\/\/laketricity-fpv.com\/it\/progetto\/sugu2\/\"><strong>Scoprire il progetto Sugu #2<\/strong><br\/><span class=\"small\">Pannelli solari galleggianti su un laghetto di ritenzione idrica.<\/span><\/a><\/h2><p>Scoprite il progetto di moduli solari galleggianti a Taiwan. 3.840 moduli fotovoltaici installati su un bacino di ritenzione idrica. L'intera struttura copre il 28% della superficie dell'acqua. L'ancoraggio \u00e8 stato effettuato con ancore sulle sponde del laghetto.<\/p><a class=\"qbutton white arrow-right\" href=\"https:\/\/laketricity-fpv.com\/it\/progetto\/sugu2\/\">Scoprire il progetto<\/a><\/div><\/div><\/div><\/div><div class=\"encart-projet-item\"><div class=\"item-wrapper\"><div class=\"image_projet\"><a href=\"https:\/\/laketricity-fpv.com\/it\/progetto\/sugu1\/\"><img decoding=\"async\" src=\"https:\/\/laketricity-fpv.com\/wp-content\/uploads\/2023\/06\/sugu1-taiwan-floating-solar-panels-water-treatment-laketricity-1000x745.jpg\"><\/a><\/div><div class=\"titre\"><div><h2><a href=\"https:\/\/laketricity-fpv.com\/it\/progetto\/sugu1\/\"><strong>Scoprire il progetto Sugu #1<\/strong><br\/><span class=\"small\">Un progetto solare che galleggia su un bacino di ritenzione idrica<\/span><\/a><\/h2><p>Un progetto solare galleggiante sviluppato da Laketricity: scoprite la centrale fotovoltaica galleggiante Sugu #1 installata su un bacino di ritenzione idrica a Taiwan. La struttura galleggiante copre il 15% della superficie totale del lago. La centrale solare galleggiante \u00e8 stata ancorata in modo ibrido: sul fondo del laghetto e anche sulla riva.<\/p><a class=\"qbutton white arrow-right\" href=\"https:\/\/laketricity-fpv.com\/it\/progetto\/sugu1\/\">Scoprire il progetto<\/a><\/div><\/div><\/div><\/div><\/div>[\/vc_column_text][\/vc_column][\/vc_row][vc_row css_animation=&#8221;&#8221; row_type=&#8221;row&#8221; use_row_as_full_screen_section=&#8221;no&#8221; type=&#8221;full_width&#8221; angled_section=&#8221;no&#8221; text_align=&#8221;center&#8221; background_image_as_pattern=&#8221;without_pattern&#8221; z_index=&#8221;&#8221; el_class=&#8221;pourquoi-laketricity&#8221;][vc_column][vc_column_text]<\/p>\n<h2 class=\"p1\" style=\"text-align: center;\"><strong>Perch\u00e9 scegliere Laketricity?<\/strong><\/h2>\n<p>[\/vc_column_text][vc_row_inner row_type=&#8221;row&#8221; type=&#8221;full_width&#8221; text_align=&#8221;left&#8221; css_animation=&#8221;&#8221; el_class=&#8221;block-txt-img reverse&#8221;][vc_column_inner el_class=&#8221;animated-hidden wpb_fadeInRight fadeInRight&#8221; width=&#8221;1\/2&#8243;][vc_single_image image=&#8221;1401&#8243; img_size=&#8221;full&#8221; qode_css_animation=&#8221;&#8221;][\/vc_column_inner][vc_column_inner el_class=&#8221;animated-hidden wpb_fadeInLeft fadeInLeft&#8221; width=&#8221;1\/2&#8243;][vc_column_text]<\/p>\n<p class=\"p1\">Scegliere Laketricity significa optare per un partner che si dedica al 100% all&#8217;energia solare da fotovoltaico flottante (oltre che all&#8217;accumulo di energia), focalizzato interamente sul successo dei vostri progetti. Vi supportiamo in ogni fase dello sviluppo del vostro progetto di moduli fotovoltaici galleggianti: dagli studi preliminari, alla gestione della costruzione e del funzionamento, fino allo smantellamento dell&#8217;impianto flottante e al ripristino del sito.<\/p>\n<p class=\"p1\">A tal fine, ci occupiamo delle fasi di consultazione per garantire che il progetto sia ben integrato nell&#8217;ambiente e che sia accettato dalla comunit\u00e0 locale. Faremo in modo che il vostro impianto flottante si adatti alle vostre esigenze, rispettando le vostre attivit\u00e0 esistenti.<\/p>\n<p>[\/vc_column_text][\/vc_column_inner][\/vc_row_inner]<a  itemprop=\"url\" href=\"https:\/\/laketricity-fpv.com\/it\/nostre-attivita\/\" target=\"_self\"  class=\"qbutton  default\" style=\"\">Scopri le attivit\u00e0 di Laketricity<\/a><a  itemprop=\"url\" href=\"https:\/\/laketricity-fpv.com\/it\/nostri-servizi\" target=\"_self\"  class=\"qbutton  default blue\" style=\"\">Per saperne di pi\u00f9 sul nostro supporto<\/a>[\/vc_column][\/vc_row]<\/p>\n<\/div>","protected":false},"excerpt":{"rendered":"<p>[vc_row css_animation=&#8221;&#8221; row_type=&#8221;row&#8221; use_row_as_full_screen_section=&#8221;no&#8221; type=&#8221;full_width&#8221; angled_section=&#8221;no&#8221; text_align=&#8221;left&#8221; background_image_as_pattern=&#8221;without_pattern&#8221;][vc_column][vc_column_text el_class=&#8221;fil-ariane&#8221;][\/vc_column_text][\/vc_column][\/vc_row][vc_row css_animation=&#8221;&#8221; row_type=&#8221;row&#8221; use_row_as_full_screen_section=&#8221;no&#8221; type=&#8221;full_width&#8221; angled_section=&#8221;no&#8221; text_align=&#8221;left&#8221; background_image_as_pattern=&#8221;without_pattern&#8221; el_class=&#8221;intro-page&#8221; z_index=&#8221;&#8221;][vc_column][vc_column_text] Un impianto fotovoltaico flottante&#8230;<\/p>\n","protected":false},"author":1,"featured_media":2073,"parent":2063,"menu_order":0,"comment_status":"closed","ping_status":"closed","template":"full_width.php","meta":{"_acf_changed":false,"footnotes":""},"class_list":["post-2072","page","type-page","status-publish","has-post-thumbnail","hentry"],"acf":[],"yoast_head":"<!-- This site is optimized with the Yoast SEO plugin v26.9 - https:\/\/yoast.com\/product\/yoast-seo-wordpress\/ -->\n<title>Industriale o commerciale: il vostro progetto - Laketricity<\/title>\n<meta name=\"description\" content=\"Gli impianti fotovoltaici flottanti offrono molti vantaggi per tutti. Che siate operatori industriali o commerciali, scoprite le nostre soluzioni per i vostri bacini d&#039;acqua.\" \/>\n<meta name=\"robots\" content=\"index, follow, max-snippet:-1, max-image-preview:large, max-video-preview:-1\" \/>\n<link rel=\"canonical\" href=\"https:\/\/laketricity-fpv.com\/it\/il-vostro-progetto\/attivita-industriale-commerciale\/\" \/>\n<meta property=\"og:locale\" content=\"it_IT\" \/>\n<meta property=\"og:type\" content=\"article\" \/>\n<meta property=\"og:title\" content=\"Industriale o commerciale: il vostro progetto - Laketricity\" \/>\n<meta property=\"og:description\" content=\"Gli impianti fotovoltaici flottanti offrono molti vantaggi per tutti. Che siate operatori industriali o commerciali, scoprite le nostre soluzioni per i vostri bacini d&#039;acqua.\" \/>\n<meta property=\"og:url\" content=\"https:\/\/laketricity-fpv.com\/it\/il-vostro-progetto\/attivita-industriale-commerciale\/\" \/>\n<meta property=\"og:site_name\" content=\"Laketricity\" \/>\n<meta property=\"article:modified_time\" content=\"2023-10-16T09:00:22+00:00\" \/>\n<meta property=\"og:image\" content=\"https:\/\/laketricity-fpv.com\/wp-content\/uploads\/2023\/09\/acteurs-industriels-commerciaux-laketricity.jpg\" \/>\n\t<meta property=\"og:image:width\" content=\"2400\" \/>\n\t<meta property=\"og:image:height\" content=\"1597\" \/>\n\t<meta property=\"og:image:type\" content=\"image\/jpeg\" \/>\n<meta name=\"twitter:card\" content=\"summary_large_image\" \/>\n<meta name=\"twitter:label1\" content=\"Tempo di lettura stimato\" \/>\n\t<meta name=\"twitter:data1\" content=\"3 minuti\" \/>\n<script type=\"application\/ld+json\" class=\"yoast-schema-graph\">{\"@context\":\"https:\/\/schema.org\",\"@graph\":[{\"@type\":\"WebPage\",\"@id\":\"https:\/\/laketricity-fpv.com\/it\/il-vostro-progetto\/attivita-industriale-commerciale\/\",\"url\":\"https:\/\/laketricity-fpv.com\/it\/il-vostro-progetto\/attivita-industriale-commerciale\/\",\"name\":\"Industriale o commerciale: il vostro progetto - Laketricity\",\"isPartOf\":{\"@id\":\"https:\/\/laketricity-fpv.com\/it\/#website\"},\"primaryImageOfPage\":{\"@id\":\"https:\/\/laketricity-fpv.com\/it\/il-vostro-progetto\/attivita-industriale-commerciale\/#primaryimage\"},\"image\":{\"@id\":\"https:\/\/laketricity-fpv.com\/it\/il-vostro-progetto\/attivita-industriale-commerciale\/#primaryimage\"},\"thumbnailUrl\":\"https:\/\/laketricity-fpv.com\/wp-content\/uploads\/2023\/09\/acteurs-industriels-commerciaux-laketricity.jpg\",\"datePublished\":\"2023-07-03T13:26:50+00:00\",\"dateModified\":\"2023-10-16T09:00:22+00:00\",\"description\":\"Gli impianti fotovoltaici flottanti offrono molti vantaggi per tutti. Che siate operatori industriali o commerciali, scoprite le nostre soluzioni per i vostri bacini d'acqua.\",\"breadcrumb\":{\"@id\":\"https:\/\/laketricity-fpv.com\/it\/il-vostro-progetto\/attivita-industriale-commerciale\/#breadcrumb\"},\"inLanguage\":\"it-IT\",\"potentialAction\":[{\"@type\":\"ReadAction\",\"target\":[\"https:\/\/laketricity-fpv.com\/it\/il-vostro-progetto\/attivita-industriale-commerciale\/\"]}]},{\"@type\":\"ImageObject\",\"inLanguage\":\"it-IT\",\"@id\":\"https:\/\/laketricity-fpv.com\/it\/il-vostro-progetto\/attivita-industriale-commerciale\/#primaryimage\",\"url\":\"https:\/\/laketricity-fpv.com\/wp-content\/uploads\/2023\/09\/acteurs-industriels-commerciaux-laketricity.jpg\",\"contentUrl\":\"https:\/\/laketricity-fpv.com\/wp-content\/uploads\/2023\/09\/acteurs-industriels-commerciaux-laketricity.jpg\",\"width\":2400,\"height\":1597},{\"@type\":\"BreadcrumbList\",\"@id\":\"https:\/\/laketricity-fpv.com\/it\/il-vostro-progetto\/attivita-industriale-commerciale\/#breadcrumb\",\"itemListElement\":[{\"@type\":\"ListItem\",\"position\":1,\"name\":\"Homepage\",\"item\":\"https:\/\/laketricity-fpv.com\/it\/\"},{\"@type\":\"ListItem\",\"position\":2,\"name\":\"Il vostro progetto\",\"item\":\"https:\/\/laketricity-fpv.com\/it\/il-vostro-progetto\/\"},{\"@type\":\"ListItem\",\"position\":3,\"name\":\"Industriale o commerciale\"}]},{\"@type\":\"WebSite\",\"@id\":\"https:\/\/laketricity-fpv.com\/it\/#website\",\"url\":\"https:\/\/laketricity-fpv.com\/it\/\",\"name\":\"Laketricity\",\"description\":\"\",\"publisher\":{\"@id\":\"https:\/\/laketricity-fpv.com\/it\/#organization\"},\"potentialAction\":[{\"@type\":\"SearchAction\",\"target\":{\"@type\":\"EntryPoint\",\"urlTemplate\":\"https:\/\/laketricity-fpv.com\/it\/?s={search_term_string}\"},\"query-input\":{\"@type\":\"PropertyValueSpecification\",\"valueRequired\":true,\"valueName\":\"search_term_string\"}}],\"inLanguage\":\"it-IT\"},{\"@type\":\"Organization\",\"@id\":\"https:\/\/laketricity-fpv.com\/it\/#organization\",\"name\":\"Laketricity\",\"url\":\"https:\/\/laketricity-fpv.com\/it\/\",\"logo\":{\"@type\":\"ImageObject\",\"inLanguage\":\"it-IT\",\"@id\":\"https:\/\/laketricity-fpv.com\/it\/#\/schema\/logo\/image\/\",\"url\":\"https:\/\/laketricity-fpv.com\/wp-content\/uploads\/2023\/05\/logo-laketricity.svg\",\"contentUrl\":\"https:\/\/laketricity-fpv.com\/wp-content\/uploads\/2023\/05\/logo-laketricity.svg\",\"width\":5151,\"height\":996,\"caption\":\"Laketricity\"},\"image\":{\"@id\":\"https:\/\/laketricity-fpv.com\/it\/#\/schema\/logo\/image\/\"},\"sameAs\":[\"https:\/\/www.youtube.com\/@laketricity9012\",\"https:\/\/www.linkedin.com\/company\/laketricity\"]}]}<\/script>\n<!-- \/ Yoast SEO plugin. -->","yoast_head_json":{"title":"Industriale o commerciale: il vostro progetto - Laketricity","description":"Gli impianti fotovoltaici flottanti offrono molti vantaggi per tutti. Che siate operatori industriali o commerciali, scoprite le nostre soluzioni per i vostri bacini d'acqua.","robots":{"index":"index","follow":"follow","max-snippet":"max-snippet:-1","max-image-preview":"max-image-preview:large","max-video-preview":"max-video-preview:-1"},"canonical":"https:\/\/laketricity-fpv.com\/it\/il-vostro-progetto\/attivita-industriale-commerciale\/","og_locale":"it_IT","og_type":"article","og_title":"Industriale o commerciale: il vostro progetto - Laketricity","og_description":"Gli impianti fotovoltaici flottanti offrono molti vantaggi per tutti. Che siate operatori industriali o commerciali, scoprite le nostre soluzioni per i vostri bacini d'acqua.","og_url":"https:\/\/laketricity-fpv.com\/it\/il-vostro-progetto\/attivita-industriale-commerciale\/","og_site_name":"Laketricity","article_modified_time":"2023-10-16T09:00:22+00:00","og_image":[{"width":2400,"height":1597,"url":"https:\/\/laketricity-fpv.com\/wp-content\/uploads\/2023\/09\/acteurs-industriels-commerciaux-laketricity.jpg","type":"image\/jpeg"}],"twitter_card":"summary_large_image","twitter_misc":{"Tempo di lettura stimato":"3 minuti"},"schema":{"@context":"https:\/\/schema.org","@graph":[{"@type":"WebPage","@id":"https:\/\/laketricity-fpv.com\/it\/il-vostro-progetto\/attivita-industriale-commerciale\/","url":"https:\/\/laketricity-fpv.com\/it\/il-vostro-progetto\/attivita-industriale-commerciale\/","name":"Industriale o commerciale: il vostro progetto - Laketricity","isPartOf":{"@id":"https:\/\/laketricity-fpv.com\/it\/#website"},"primaryImageOfPage":{"@id":"https:\/\/laketricity-fpv.com\/it\/il-vostro-progetto\/attivita-industriale-commerciale\/#primaryimage"},"image":{"@id":"https:\/\/laketricity-fpv.com\/it\/il-vostro-progetto\/attivita-industriale-commerciale\/#primaryimage"},"thumbnailUrl":"https:\/\/laketricity-fpv.com\/wp-content\/uploads\/2023\/09\/acteurs-industriels-commerciaux-laketricity.jpg","datePublished":"2023-07-03T13:26:50+00:00","dateModified":"2023-10-16T09:00:22+00:00","description":"Gli impianti fotovoltaici flottanti offrono molti vantaggi per tutti. Che siate operatori industriali o commerciali, scoprite le nostre soluzioni per i vostri bacini d'acqua.","breadcrumb":{"@id":"https:\/\/laketricity-fpv.com\/it\/il-vostro-progetto\/attivita-industriale-commerciale\/#breadcrumb"},"inLanguage":"it-IT","potentialAction":[{"@type":"ReadAction","target":["https:\/\/laketricity-fpv.com\/it\/il-vostro-progetto\/attivita-industriale-commerciale\/"]}]},{"@type":"ImageObject","inLanguage":"it-IT","@id":"https:\/\/laketricity-fpv.com\/it\/il-vostro-progetto\/attivita-industriale-commerciale\/#primaryimage","url":"https:\/\/laketricity-fpv.com\/wp-content\/uploads\/2023\/09\/acteurs-industriels-commerciaux-laketricity.jpg","contentUrl":"https:\/\/laketricity-fpv.com\/wp-content\/uploads\/2023\/09\/acteurs-industriels-commerciaux-laketricity.jpg","width":2400,"height":1597},{"@type":"BreadcrumbList","@id":"https:\/\/laketricity-fpv.com\/it\/il-vostro-progetto\/attivita-industriale-commerciale\/#breadcrumb","itemListElement":[{"@type":"ListItem","position":1,"name":"Homepage","item":"https:\/\/laketricity-fpv.com\/it\/"},{"@type":"ListItem","position":2,"name":"Il vostro progetto","item":"https:\/\/laketricity-fpv.com\/it\/il-vostro-progetto\/"},{"@type":"ListItem","position":3,"name":"Industriale o commerciale"}]},{"@type":"WebSite","@id":"https:\/\/laketricity-fpv.com\/it\/#website","url":"https:\/\/laketricity-fpv.com\/it\/","name":"Laketricity","description":"","publisher":{"@id":"https:\/\/laketricity-fpv.com\/it\/#organization"},"potentialAction":[{"@type":"SearchAction","target":{"@type":"EntryPoint","urlTemplate":"https:\/\/laketricity-fpv.com\/it\/?s={search_term_string}"},"query-input":{"@type":"PropertyValueSpecification","valueRequired":true,"valueName":"search_term_string"}}],"inLanguage":"it-IT"},{"@type":"Organization","@id":"https:\/\/laketricity-fpv.com\/it\/#organization","name":"Laketricity","url":"https:\/\/laketricity-fpv.com\/it\/","logo":{"@type":"ImageObject","inLanguage":"it-IT","@id":"https:\/\/laketricity-fpv.com\/it\/#\/schema\/logo\/image\/","url":"https:\/\/laketricity-fpv.com\/wp-content\/uploads\/2023\/05\/logo-laketricity.svg","contentUrl":"https:\/\/laketricity-fpv.com\/wp-content\/uploads\/2023\/05\/logo-laketricity.svg","width":5151,"height":996,"caption":"Laketricity"},"image":{"@id":"https:\/\/laketricity-fpv.com\/it\/#\/schema\/logo\/image\/"},"sameAs":["https:\/\/www.youtube.com\/@laketricity9012","https:\/\/www.linkedin.com\/company\/laketricity"]}]}},"_links":{"self":[{"href":"https:\/\/laketricity-fpv.com\/it\/wp-json\/wp\/v2\/pages\/2072","targetHints":{"allow":["GET"]}}],"collection":[{"href":"https:\/\/laketricity-fpv.com\/it\/wp-json\/wp\/v2\/pages"}],"about":[{"href":"https:\/\/laketricity-fpv.com\/it\/wp-json\/wp\/v2\/types\/page"}],"author":[{"embeddable":true,"href":"https:\/\/laketricity-fpv.com\/it\/wp-json\/wp\/v2\/users\/1"}],"replies":[{"embeddable":true,"href":"https:\/\/laketricity-fpv.com\/it\/wp-json\/wp\/v2\/comments?post=2072"}],"version-history":[{"count":0,"href":"https:\/\/laketricity-fpv.com\/it\/wp-json\/wp\/v2\/pages\/2072\/revisions"}],"up":[{"embeddable":true,"href":"https:\/\/laketricity-fpv.com\/it\/wp-json\/wp\/v2\/pages\/2063"}],"wp:featuredmedia":[{"embeddable":true,"href":"https:\/\/laketricity-fpv.com\/it\/wp-json\/wp\/v2\/media\/2073"}],"wp:attachment":[{"href":"https:\/\/laketricity-fpv.com\/it\/wp-json\/wp\/v2\/media?parent=2072"}],"curies":[{"name":"wp","href":"https:\/\/api.w.org\/{rel}","templated":true}]}}